{"id":788,"date":"2023-01-26T16:43:19","date_gmt":"2023-01-26T16:43:19","guid":{"rendered":"https:\/\/www.roccoilluminazione.it\/catalogo\/?post_type=product&#038;p=788"},"modified":"2023-10-06T16:55:54","modified_gmt":"2023-10-06T16:55:54","slug":"24-karati-sospensione-vetro-fume","status":"publish","type":"product","link":"https:\/\/www.roccoilluminazione.it\/catalogo\/prodotto\/24-karati-sospensione-vetro-fume\/","title":{"rendered":"24 Karati sospensione vetro Fum\u00e8"},"content":{"rendered":"<p>24 Karati sospensione con attacco lampadina 1xE27 compatibile per lampadina Led (non inclusa). La sapiente lavorazione artigiana del vetro fum\u00e8, riproduce il taglio di gemme preziose dalla forma esagonale. Il vetro emette luce anzich\u00e8 semplicemente rifletterla, creando atmofere uniche. L&#8217;originale forma della sospensione 24 karati sapr\u00e0 distinguersi, non solo come elemento luminoso, ma anche come complemento d&#8217;arredo. Design, qualit\u00e0 esclusivamente Made in Italy. ( ditta Karman )<\/p>\n<p>Misure : diametro 28cm.\u00a0 \u00a0 H. 28cm. + cavo max H. 228cm.<\/p>\n<p>Disponibilit\u00e0 : n.1 pz. ( materiale da esposizione con imballo originale )<\/p>\n<p>( I prezzi indicati sono iva del 22% inclusa)<\/p>\n","protected":false},"excerpt":{"rendered":"<p>Cod. SE113 1F\u00a0\u00a0 24 Karati esagono sosp. vetro fum\u00e8 att. 1xE27<\/p>\n","protected":false},"featured_media":907,"comment_status":"open","ping_status":"closed","template":"","meta":[],"product_cat":[23,19],"product_tag":[],"class_list":["post-788","product","type-product","status-publish","has-post-thumbnail","hentry","product_cat-outlet-promozioni","product_cat-sospensioni"],"_links":{"self":[{"href":"https:\/\/www.roccoilluminazione.it\/catalogo\/wp-json\/wp\/v2\/product\/788","targetHints":{"allow":["GET"]}}],"collection":[{"href":"https:\/\/www.roccoilluminazione.it\/catalogo\/wp-json\/wp\/v2\/product"}],"about":[{"href":"https:\/\/www.roccoilluminazione.it\/catalogo\/wp-json\/wp\/v2\/types\/product"}],"replies":[{"embeddable":true,"href":"https:\/\/www.roccoilluminazione.it\/catalogo\/wp-json\/wp\/v2\/comments?post=788"}],"wp:featuredmedia":[{"embeddable":true,"href":"https:\/\/www.roccoilluminazione.it\/catalogo\/wp-json\/wp\/v2\/media\/907"}],"wp:attachment":[{"href":"https:\/\/www.roccoilluminazione.it\/catalogo\/wp-json\/wp\/v2\/media?parent=788"}],"wp:term":[{"taxonomy":"product_cat","embeddable":true,"href":"https:\/\/www.roccoilluminazione.it\/catalogo\/wp-json\/wp\/v2\/product_cat?post=788"},{"taxonomy":"product_tag","embeddable":true,"href":"https:\/\/www.roccoilluminazione.it\/catalogo\/wp-json\/wp\/v2\/product_tag?post=788"}],"curies":[{"name":"wp","href":"https:\/\/api.w.org\/{rel}","templated":true}]}}