{"id":744,"date":"2023-01-03T17:54:28","date_gmt":"2023-01-03T17:54:28","guid":{"rendered":"https:\/\/www.roccoilluminazione.it\/catalogo\/?post_type=product&#038;p=744"},"modified":"2026-03-24T15:43:51","modified_gmt":"2026-03-24T15:43:51","slug":"take-plus-bt04-led-dimmerabile","status":"publish","type":"product","link":"https:\/\/www.roccoilluminazione.it\/catalogo\/prodotto\/take-plus-bt04-led-dimmerabile\/","title":{"rendered":"Tak\u00e8 Plus BT04 Led dimmerabile"},"content":{"rendered":"<p>Tak\u00e9 Plus BT 04 \u00e8 una lampada da terra dotata di regolatore di intensit\u00e0 luminosa. Diffusione luce intensa e uniforme lungo tutto il diffusore realizzato in PE bianco opale. Ogni elemento utilizza una sorgente luminosa led da 16W &#8211; totale potenza led 64W 3000K. Driver con controllo della dimmerazione diretta tramite dimmer a pedale. La base e il dimmer a pedale sono di metallo in finitura bianco opaco. Tak\u00e8 Plus \u00e8 una lamapada da terra ad alta efficenza luminosa, ideale per ambienti che necessitano di una illuminazione importante. Design moderno &#8211; contemporaneo, idele per illuminare ogni ambientazioni di casa o di lavoro. Design, qualit\u00e0 esclusivamente Made in Italy. ( ditta Lumen Center )<\/p>\n<p>Misure :\u00a0 base\u00a0 diam. 42cm.\u00a0 \u00a0\u00a0 H. 178cm.<\/p>\n<p>Disponibilit\u00e0 : n.1 pz. ( materiale da esposizione senza imballo originale )<\/p>\n<p>( I prezzi indicati sono iva del 22% inclusa )<\/p>\n","protected":false},"excerpt":{"rendered":"<p>Cod. TAK 114 106 Tak\u00e8 plus BT04 led 64W dimmerabile<\/p>\n","protected":false},"featured_media":745,"comment_status":"open","ping_status":"closed","template":"","meta":[],"product_cat":[17,23],"product_tag":[],"class_list":["post-744","product","type-product","status-publish","has-post-thumbnail","hentry","product_cat-lampade-da-terra","product_cat-outlet-promozioni"],"_links":{"self":[{"href":"https:\/\/www.roccoilluminazione.it\/catalogo\/wp-json\/wp\/v2\/product\/744","targetHints":{"allow":["GET"]}}],"collection":[{"href":"https:\/\/www.roccoilluminazione.it\/catalogo\/wp-json\/wp\/v2\/product"}],"about":[{"href":"https:\/\/www.roccoilluminazione.it\/catalogo\/wp-json\/wp\/v2\/types\/product"}],"replies":[{"embeddable":true,"href":"https:\/\/www.roccoilluminazione.it\/catalogo\/wp-json\/wp\/v2\/comments?post=744"}],"wp:featuredmedia":[{"embeddable":true,"href":"https:\/\/www.roccoilluminazione.it\/catalogo\/wp-json\/wp\/v2\/media\/745"}],"wp:attachment":[{"href":"https:\/\/www.roccoilluminazione.it\/catalogo\/wp-json\/wp\/v2\/media?parent=744"}],"wp:term":[{"taxonomy":"product_cat","embeddable":true,"href":"https:\/\/www.roccoilluminazione.it\/catalogo\/wp-json\/wp\/v2\/product_cat?post=744"},{"taxonomy":"product_tag","embeddable":true,"href":"https:\/\/www.roccoilluminazione.it\/catalogo\/wp-json\/wp\/v2\/product_tag?post=744"}],"curies":[{"name":"wp","href":"https:\/\/api.w.org\/{rel}","templated":true}]}}