{"id":722,"date":"2023-01-03T18:12:06","date_gmt":"2023-01-03T18:12:06","guid":{"rendered":"https:\/\/www.roccoilluminazione.it\/catalogo\/?post_type=product&#038;p=722"},"modified":"2024-07-11T15:56:19","modified_gmt":"2024-07-11T15:56:19","slug":"giocastra-multicolor-terra","status":"publish","type":"product","link":"https:\/\/www.roccoilluminazione.it\/catalogo\/prodotto\/giocastra-multicolor-terra\/","title":{"rendered":"Giocastra Multicolor terra"},"content":{"rendered":"<p>Giocastra multicolor \u00e8 una lampada da terra disegnata dal designer Andrea Anastasio per Artemde. Diffusione luce diretta e diffusa. Dispone di 5 lampadine attacco\u00a0 E14 compatibile per lampadine a led (escluse), inoltre \u00e8 possibile regolare l&#8217;intensit\u00e0 luminosa tramite il dimmer presente sul cavo di corrente. La lampada \u00e8 composta da un unico stelo in acciaio sabbiato e cromato, composta da tre diffusori in vetro\u00a0 colore verde, giallo e blu. Lampada da terra dal design moderno ed originale data dalla forma insolita dello stelo e dai vari colori dei vetri. Design, qualit\u00e0 esclusivamente Made in Italy. ( ditta Artemide )<\/p>\n<p><span class=\"prod_feature\">Misure :\u00a0 diametro 33cm. \u00a0 H.<\/span><span class=\"prod_feature\"> 222cm.<\/span><\/p>\n<p>Disponibilit\u00e0 : n.1 pz. ( materiale da esposizione senza imballo originale )<\/p>\n<p>( I prezzi indicati sono iva del 22% inclusa )<\/p>\n<h2 class=\"tw-data-text tw-text-large XcVN5d tw-ta lead\" dir=\"ltr\" data-placeholder=\"Traduzione\"><\/h2>\n","protected":false},"excerpt":{"rendered":"<p>Cod. Giocastra Multicolor terra attacco 5xE14<\/p>\n","protected":false},"featured_media":771,"comment_status":"open","ping_status":"closed","template":"","meta":[],"product_cat":[17,23],"product_tag":[],"class_list":["post-722","product","type-product","status-publish","has-post-thumbnail","hentry","product_cat-lampade-da-terra","product_cat-outlet-promozioni"],"_links":{"self":[{"href":"https:\/\/www.roccoilluminazione.it\/catalogo\/wp-json\/wp\/v2\/product\/722","targetHints":{"allow":["GET"]}}],"collection":[{"href":"https:\/\/www.roccoilluminazione.it\/catalogo\/wp-json\/wp\/v2\/product"}],"about":[{"href":"https:\/\/www.roccoilluminazione.it\/catalogo\/wp-json\/wp\/v2\/types\/product"}],"replies":[{"embeddable":true,"href":"https:\/\/www.roccoilluminazione.it\/catalogo\/wp-json\/wp\/v2\/comments?post=722"}],"wp:featuredmedia":[{"embeddable":true,"href":"https:\/\/www.roccoilluminazione.it\/catalogo\/wp-json\/wp\/v2\/media\/771"}],"wp:attachment":[{"href":"https:\/\/www.roccoilluminazione.it\/catalogo\/wp-json\/wp\/v2\/media?parent=722"}],"wp:term":[{"taxonomy":"product_cat","embeddable":true,"href":"https:\/\/www.roccoilluminazione.it\/catalogo\/wp-json\/wp\/v2\/product_cat?post=722"},{"taxonomy":"product_tag","embeddable":true,"href":"https:\/\/www.roccoilluminazione.it\/catalogo\/wp-json\/wp\/v2\/product_tag?post=722"}],"curies":[{"name":"wp","href":"https:\/\/api.w.org\/{rel}","templated":true}]}}