{"id":692,"date":"2023-01-02T16:29:32","date_gmt":"2023-01-02T16:29:32","guid":{"rendered":"https:\/\/www.roccoilluminazione.it\/catalogo\/?post_type=product&#038;p=692"},"modified":"2023-01-03T18:15:01","modified_gmt":"2023-01-03T18:15:01","slug":"space-cloud-sospensione-led","status":"publish","type":"product","link":"https:\/\/www.roccoilluminazione.it\/catalogo\/prodotto\/space-cloud-sospensione-led\/","title":{"rendered":"Space Cloud sospensione Led"},"content":{"rendered":"<p>Space Cloud Les \u00e8 una lampada a sospensione disegnata da Ross Lovegrove per il brand Artemide. La lampada ha un sistema d\u2019illuminazione che cattura la luce riflettendola e assorbendola attraverso i singoli strati che compongono una matrice con fori esagonali. Space Cloud \u00e8 realizzata al 100% in alluminio anodizzato, finitura colore grigio. Il concetto si ispira alla tecnologia spaziale, alle foto della Terra scattate dalla NASA nello spazio e all\u2019incredibile qualit\u00e0 della luce percepita come il colore stesso della Terra, influenzato dal calore e dalla luminosit\u00e0 cristallina dei raggi del sole. Sospensione a Led integrato da 43W 3000K dimmerabile. Design, qualit\u00e0 esclusivamente Made in Italy. ( ditta Artemide )<\/p>\n<p>Misure :\u00a0 base diametro cm.78&#215;87,5\u00a0 H. max 200cm.<\/p>\n<p>Disponibilit\u00e0 : n.1 pz. ( materiale da esposizione con imballo originale )<\/p>\n<p>( I prezzi indicati sono iva del 22% inclusa )<\/p>\n","protected":false},"excerpt":{"rendered":"<p>Cod. 1728010A Space Cloud sospensione Led 43W\u00a0 3000K dimm.<\/p>\n","protected":false},"featured_media":693,"comment_status":"open","ping_status":"closed","template":"","meta":[],"product_cat":[23,19],"product_tag":[],"class_list":["post-692","product","type-product","status-publish","has-post-thumbnail","hentry","product_cat-outlet-promozioni","product_cat-sospensioni"],"_links":{"self":[{"href":"https:\/\/www.roccoilluminazione.it\/catalogo\/wp-json\/wp\/v2\/product\/692","targetHints":{"allow":["GET"]}}],"collection":[{"href":"https:\/\/www.roccoilluminazione.it\/catalogo\/wp-json\/wp\/v2\/product"}],"about":[{"href":"https:\/\/www.roccoilluminazione.it\/catalogo\/wp-json\/wp\/v2\/types\/product"}],"replies":[{"embeddable":true,"href":"https:\/\/www.roccoilluminazione.it\/catalogo\/wp-json\/wp\/v2\/comments?post=692"}],"wp:featuredmedia":[{"embeddable":true,"href":"https:\/\/www.roccoilluminazione.it\/catalogo\/wp-json\/wp\/v2\/media\/693"}],"wp:attachment":[{"href":"https:\/\/www.roccoilluminazione.it\/catalogo\/wp-json\/wp\/v2\/media?parent=692"}],"wp:term":[{"taxonomy":"product_cat","embeddable":true,"href":"https:\/\/www.roccoilluminazione.it\/catalogo\/wp-json\/wp\/v2\/product_cat?post=692"},{"taxonomy":"product_tag","embeddable":true,"href":"https:\/\/www.roccoilluminazione.it\/catalogo\/wp-json\/wp\/v2\/product_tag?post=692"}],"curies":[{"name":"wp","href":"https:\/\/api.w.org\/{rel}","templated":true}]}}