{"id":618,"date":"2022-11-21T14:50:17","date_gmt":"2022-11-21T14:50:17","guid":{"rendered":"https:\/\/www.roccoilluminazione.it\/catalogo\/?post_type=product&#038;p=618"},"modified":"2024-06-21T16:45:47","modified_gmt":"2024-06-21T16:45:47","slug":"tolboi-terra-venini","status":"publish","type":"product","link":"https:\/\/www.roccoilluminazione.it\/catalogo\/prodotto\/tolboi-terra-venini\/","title":{"rendered":"Tolboi terra Venini"},"content":{"rendered":"<p>Tolboi \u00e8 una lampada da terra adatta ad ogni stile d&#8217;arredamento.\u200e L\u2019elegante miscela tra il diffusore in vetro opalino, la trasparenza dello stelo e la finitura in colore glicine permette di esaltare la preziosa lavorazione manuale del vetro soffiato.\u200e La luce attraversa il vetro soffiato e si diffonde forte quanto delicata, rivelando ancora di pi\u00f9 i toni del colore glicine. Tolboi \u00e8 una lampada che inneggia alla modernit\u00e0, le linee pulite e le forme geometriche sposano la preziosit\u00e0 e la trasparenza del vetro, che incorpora accenti di colore. La lampada poggia su una base in metallo in finitura cromata che offre ulteriore raffinatezza. Tolboi lampada da terra versione diffusore vetro finitura lattimo-cristallo-glicine, stelo vetro trasparente con inserto in vetro bianco, base e particolari in cromo lucido, attacco lampadina 1xE14 dimmerabile (lampadina esclusa). Una presenza eterea che arreda e illumina con impeccabile discrezione. Design, qualit\u00e0 e produzione esclusivamente Made in Italy. ( ditta Venini )<\/p>\n<p>Misure :\u00a0\u00a0 diametro 30cm.\u00a0\u00a0 H. 184cm.<\/p>\n<p>Disponibilit\u00e0 : n.1 pz. ( materiale da esposizione senza imballo originale )<\/p>\n<p>( I prezzi indicati sono iva del 22% inclusa )<\/p>\n<p>&nbsp;<\/p>\n","protected":false},"excerpt":{"rendered":"<p>Cod. 847.10 Tolboi terra Lattimo-cristallo-glicine att.1xE14 dimm.<\/p>\n","protected":false},"featured_media":1366,"comment_status":"open","ping_status":"closed","template":"","meta":[],"product_cat":[17,23],"product_tag":[],"class_list":["post-618","product","type-product","status-publish","has-post-thumbnail","hentry","product_cat-lampade-da-terra","product_cat-outlet-promozioni"],"_links":{"self":[{"href":"https:\/\/www.roccoilluminazione.it\/catalogo\/wp-json\/wp\/v2\/product\/618","targetHints":{"allow":["GET"]}}],"collection":[{"href":"https:\/\/www.roccoilluminazione.it\/catalogo\/wp-json\/wp\/v2\/product"}],"about":[{"href":"https:\/\/www.roccoilluminazione.it\/catalogo\/wp-json\/wp\/v2\/types\/product"}],"replies":[{"embeddable":true,"href":"https:\/\/www.roccoilluminazione.it\/catalogo\/wp-json\/wp\/v2\/comments?post=618"}],"wp:featuredmedia":[{"embeddable":true,"href":"https:\/\/www.roccoilluminazione.it\/catalogo\/wp-json\/wp\/v2\/media\/1366"}],"wp:attachment":[{"href":"https:\/\/www.roccoilluminazione.it\/catalogo\/wp-json\/wp\/v2\/media?parent=618"}],"wp:term":[{"taxonomy":"product_cat","embeddable":true,"href":"https:\/\/www.roccoilluminazione.it\/catalogo\/wp-json\/wp\/v2\/product_cat?post=618"},{"taxonomy":"product_tag","embeddable":true,"href":"https:\/\/www.roccoilluminazione.it\/catalogo\/wp-json\/wp\/v2\/product_tag?post=618"}],"curies":[{"name":"wp","href":"https:\/\/api.w.org\/{rel}","templated":true}]}}