{"id":491,"date":"2022-10-24T16:55:05","date_gmt":"2022-10-24T16:55:05","guid":{"rendered":"https:\/\/www.roccoilluminazione.it\/catalogo\/?post_type=product&#038;p=491"},"modified":"2026-04-01T16:52:40","modified_gmt":"2026-04-01T16:52:40","slug":"pirce-mini-led-sospensione-bianca","status":"publish","type":"product","link":"https:\/\/www.roccoilluminazione.it\/catalogo\/prodotto\/pirce-mini-led-sospensione-bianca\/","title":{"rendered":"Pirce Mini Led sospensione bianca"},"content":{"rendered":"<p>La sospensione Pirce dal design iconico \u00e8 uno dei modelli pi\u00f9 venduti di Artemide. Originariamente prodotta in versione alogena, ora la sua sorgente luminosa \u00e8 stata ripensata per incorporare un LED di alta qualit\u00e0 ed efficienza energetica. Pirce non \u00e8 solo un&#8217;elegante sospensione, ma anche una decorazione seducente con un forte senso di presenza sia accesa che spenta. Il suo disco sottile si fonde dolcemente in vortici fluenti che scorrono a spirale verso il basso per creare effetti di luce seducenti. Sospensione in metallo verniciato bianco, Led integrato da 44W 3000K dimmerabile Push. Design, qualit\u00e0 esclusivamente Made in Italy. ( ditta Artemide )<\/p>\n<p>Misure :\u00a0 diametro\u00a0 67cm. \u00a0\u00a0 diffusore H. 23cm. + cavo max H. 200cm.<\/p>\n<p><strong>Disponibilit\u00e0 : n.1 pz.\u00a0 (materiale da esposizione)<\/strong><\/p>\n<p>( I prezzi indicati sono iva del 22% inclusa )<\/p>\n","protected":false},"excerpt":{"rendered":"<p>Cod. 1256110A Pirce Mini sospensione bianca Led 44W 3000K dimm. Push<\/p>\n","protected":false},"featured_media":507,"comment_status":"open","ping_status":"closed","template":"","meta":[],"product_cat":[23,19],"product_tag":[],"class_list":["post-491","product","type-product","status-publish","has-post-thumbnail","hentry","product_cat-outlet-promozioni","product_cat-sospensioni"],"_links":{"self":[{"href":"https:\/\/www.roccoilluminazione.it\/catalogo\/wp-json\/wp\/v2\/product\/491","targetHints":{"allow":["GET"]}}],"collection":[{"href":"https:\/\/www.roccoilluminazione.it\/catalogo\/wp-json\/wp\/v2\/product"}],"about":[{"href":"https:\/\/www.roccoilluminazione.it\/catalogo\/wp-json\/wp\/v2\/types\/product"}],"replies":[{"embeddable":true,"href":"https:\/\/www.roccoilluminazione.it\/catalogo\/wp-json\/wp\/v2\/comments?post=491"}],"wp:featuredmedia":[{"embeddable":true,"href":"https:\/\/www.roccoilluminazione.it\/catalogo\/wp-json\/wp\/v2\/media\/507"}],"wp:attachment":[{"href":"https:\/\/www.roccoilluminazione.it\/catalogo\/wp-json\/wp\/v2\/media?parent=491"}],"wp:term":[{"taxonomy":"product_cat","embeddable":true,"href":"https:\/\/www.roccoilluminazione.it\/catalogo\/wp-json\/wp\/v2\/product_cat?post=491"},{"taxonomy":"product_tag","embeddable":true,"href":"https:\/\/www.roccoilluminazione.it\/catalogo\/wp-json\/wp\/v2\/product_tag?post=491"}],"curies":[{"name":"wp","href":"https:\/\/api.w.org\/{rel}","templated":true}]}}