{"id":457,"date":"2022-10-18T15:29:05","date_gmt":"2022-10-18T15:29:05","guid":{"rendered":"https:\/\/www.roccoilluminazione.it\/catalogo\/?post_type=product&#038;p=457"},"modified":"2026-02-11T13:50:10","modified_gmt":"2026-02-11T13:50:10","slug":"lucenera-506-standing-lamp-black-white","status":"publish","type":"product","link":"https:\/\/www.roccoilluminazione.it\/catalogo\/prodotto\/lucenera-506-standing-lamp-black-white\/","title":{"rendered":"Lucenera 506 Led standing lamp Black &#8211; White"},"content":{"rendered":"<p>Lucenera nasce da un semplice concetto, quello di mettere l\u2019oggetto lampada in secondo piano lasciando come protagonista la luce in funzione del soggetto illuminato. La forma \u00e8 la pi\u00f9 semplice possibile, la versatilit\u00e0 dell\u2019oggetto infinita. Lampada da terra con diffusore luce orientabile, base e asta in metallo verniciato, versione finitura Black con diffusore luce tubo in carbonio nero, nella versione in finitura White\u00a0 con diffusore luce tubo in tecnofibra bianco. Attacco lampadina LED GU10 230V\u00a0 1&#215;5,5W\u00a0 375lumen 3000K CRI &gt;90 dimmerabile.(lampadina led GU10 inclusa) Lucenera 506 \u00e8 una lampada da terra perfetta per illuminare &#8211; arredare la zona living &#8211; salotto o una zona di lavoro &#8211; ufficio. Design, qualit\u00e0 e produzione esclusivamente Made in Italy. (ditta Catellani&amp;Smith)<\/p>\n<p>Misure :\u00a0 H. 140cm.\u00a0 base L. 21x21cm.<\/p>\n<p>( I prezzi indicati sono iva del 22% inclusa )<\/p>\n","protected":false},"excerpt":{"rendered":"<p>Cod. L506L\u00a0 Black \/ Cod. L505LW\u00a0 White\u00a0 standing lamp Led 5,5W bulb GU10 3000K dimmerabile<\/p>\n<p><strong>* Richiedi preventivo PREZZO SCONTATO *<\/strong><\/p>\n","protected":false},"featured_media":463,"comment_status":"open","ping_status":"closed","template":"","meta":[],"product_cat":[17],"product_tag":[],"class_list":["post-457","product","type-product","status-publish","has-post-thumbnail","hentry","product_cat-lampade-da-terra"],"_links":{"self":[{"href":"https:\/\/www.roccoilluminazione.it\/catalogo\/wp-json\/wp\/v2\/product\/457","targetHints":{"allow":["GET"]}}],"collection":[{"href":"https:\/\/www.roccoilluminazione.it\/catalogo\/wp-json\/wp\/v2\/product"}],"about":[{"href":"https:\/\/www.roccoilluminazione.it\/catalogo\/wp-json\/wp\/v2\/types\/product"}],"replies":[{"embeddable":true,"href":"https:\/\/www.roccoilluminazione.it\/catalogo\/wp-json\/wp\/v2\/comments?post=457"}],"wp:featuredmedia":[{"embeddable":true,"href":"https:\/\/www.roccoilluminazione.it\/catalogo\/wp-json\/wp\/v2\/media\/463"}],"wp:attachment":[{"href":"https:\/\/www.roccoilluminazione.it\/catalogo\/wp-json\/wp\/v2\/media?parent=457"}],"wp:term":[{"taxonomy":"product_cat","embeddable":true,"href":"https:\/\/www.roccoilluminazione.it\/catalogo\/wp-json\/wp\/v2\/product_cat?post=457"},{"taxonomy":"product_tag","embeddable":true,"href":"https:\/\/www.roccoilluminazione.it\/catalogo\/wp-json\/wp\/v2\/product_tag?post=457"}],"curies":[{"name":"wp","href":"https:\/\/api.w.org\/{rel}","templated":true}]}}