{"id":317,"date":"2022-09-01T14:11:53","date_gmt":"2022-09-01T14:11:53","guid":{"rendered":"https:\/\/www.roccoilluminazione.it\/catalogo\/?post_type=product&#038;p=317"},"modified":"2026-01-30T16:17:30","modified_gmt":"2026-01-30T16:17:30","slug":"sonora-sospensione-bianca","status":"publish","type":"product","link":"https:\/\/www.roccoilluminazione.it\/catalogo\/prodotto\/sonora-sospensione-bianca\/","title":{"rendered":"Sonora sospensione bianca"},"content":{"rendered":"<div class=\"wpb_column vc_column_container vc_col-sm-8\">\n<div class=\"vc_column-inner \">\n<div class=\"wpb_wrapper\">\n<div class=\"kleo_text_column wpb_content_element \">\n<div class=\"wpb_wrapper\">\n<p>Sospensione Sonora \u00e8 la storia di una forma geometrica pura, perseguita dal Design Magistretti per tutta la vita.\u00a0 Sonora \u00e8 uno degli emblemi di questo percorso creativo ed \u00e8 rimasta, nel corso dei suoi 40 anni, una delle lampade pi\u00f9 amate non solo dal pubblico ma anche da Magistretti stesso. Lampada a sospensione a luce diretta, in PMMA bianco lucido coprente, attacco lampadina 1xE27 Led. Design essenziale, ideale per un arredamento moderno o in stile contemporaneo. Design, qualit\u00e0 e produzione esclusivamente Made in Italy. (ditta Oluce)<\/p>\n<p><strong>Disponibilit\u00e0 : n.2 pz. ( materiale da esposizione + magazzino con imballo originale )<\/strong><\/p>\n<p>Misure : diametro 90cm.\u00a0\u00a0 diffusore H. 45cm.\u00a0 \/ cavo H.290cm.<\/p>\n<p>( I prezzi indicati sono iva del 22% inclusa )<\/p>\n<\/div>\n<\/div>\n<\/div>\n<\/div>\n<\/div>\n","protected":false},"excerpt":{"rendered":"<p>cod. L0490 BC Sonora sospensione 90cm. bianco lucido coprente att. 1xE27<\/p>\n","protected":false},"featured_media":319,"comment_status":"open","ping_status":"closed","template":"","meta":[],"product_cat":[23,19],"product_tag":[],"class_list":["post-317","product","type-product","status-publish","has-post-thumbnail","hentry","product_cat-outlet-promozioni","product_cat-sospensioni"],"_links":{"self":[{"href":"https:\/\/www.roccoilluminazione.it\/catalogo\/wp-json\/wp\/v2\/product\/317","targetHints":{"allow":["GET"]}}],"collection":[{"href":"https:\/\/www.roccoilluminazione.it\/catalogo\/wp-json\/wp\/v2\/product"}],"about":[{"href":"https:\/\/www.roccoilluminazione.it\/catalogo\/wp-json\/wp\/v2\/types\/product"}],"replies":[{"embeddable":true,"href":"https:\/\/www.roccoilluminazione.it\/catalogo\/wp-json\/wp\/v2\/comments?post=317"}],"wp:featuredmedia":[{"embeddable":true,"href":"https:\/\/www.roccoilluminazione.it\/catalogo\/wp-json\/wp\/v2\/media\/319"}],"wp:attachment":[{"href":"https:\/\/www.roccoilluminazione.it\/catalogo\/wp-json\/wp\/v2\/media?parent=317"}],"wp:term":[{"taxonomy":"product_cat","embeddable":true,"href":"https:\/\/www.roccoilluminazione.it\/catalogo\/wp-json\/wp\/v2\/product_cat?post=317"},{"taxonomy":"product_tag","embeddable":true,"href":"https:\/\/www.roccoilluminazione.it\/catalogo\/wp-json\/wp\/v2\/product_tag?post=317"}],"curies":[{"name":"wp","href":"https:\/\/api.w.org\/{rel}","templated":true}]}}