{"id":2377,"date":"2026-04-14T15:49:46","date_gmt":"2026-04-14T15:49:46","guid":{"rendered":"https:\/\/www.roccoilluminazione.it\/catalogo\/?post_type=product&#038;p=2377"},"modified":"2026-04-15T16:37:04","modified_gmt":"2026-04-15T16:37:04","slug":"la-belle-etoile-sospensione-large-bianca","status":"publish","type":"product","link":"https:\/\/www.roccoilluminazione.it\/catalogo\/prodotto\/la-belle-etoile-sospensione-large-bianca\/","title":{"rendered":"La Belle Etoile Sospensione Large bianca"},"content":{"rendered":"<p>Dinamismo, eleganza e sensualit\u00e0 appartengono al linguaggio quotidiano di La Belle \u00c9toile, la lampada a sospensione ispirata ai volteggi aggraziati di una ballerina, infrangibile, leggera, realizzata interamente a mano nell\u2019atelier di Slamp. La sorgente luminosa a LED \u00e8 facilmente sostituibile tramite attacco magnetico \u2013 e ricerca stilistica \u2013 le superfici trasparenti sono arricchite di una texture stampata -, nasce una lampada dal design contemporaneo, disponibile a sospensione large bianca diametro 90CM. Ideale per chi desidera unire funzioni illuminotecniche avanguardistiche ed estetiche raffinate e glamour, che apportano bellezza e originalit\u00e0 anche alle mise in place pi\u00f9 minimaliste. Protagonista indiscussa della scultura luminosa \u00e8 la luce, 21W led 2700K. Design, qualit\u00e0 esclusivamente Made in Italy. (ditta Slamp)<\/p>\n<p><strong>Disponibilit\u00e0 : n.1 Pz. ( materiale da magazzino con imballo originale )<\/strong><\/p>\n<p>( I prezzi indicati sono iva del 22% inclusa)<\/p>\n","protected":false},"excerpt":{"rendered":"<p>cod. ETOSL00WHT01T00LEDEU\u00a0 La Belle Etoile Sospensione Large bianca 21W LED 2700K<\/p>\n","protected":false},"featured_media":2378,"comment_status":"open","ping_status":"closed","template":"","meta":[],"product_cat":[23,19],"product_tag":[],"class_list":["post-2377","product","type-product","status-publish","has-post-thumbnail","hentry","product_cat-outlet-promozioni","product_cat-sospensioni"],"_links":{"self":[{"href":"https:\/\/www.roccoilluminazione.it\/catalogo\/wp-json\/wp\/v2\/product\/2377","targetHints":{"allow":["GET"]}}],"collection":[{"href":"https:\/\/www.roccoilluminazione.it\/catalogo\/wp-json\/wp\/v2\/product"}],"about":[{"href":"https:\/\/www.roccoilluminazione.it\/catalogo\/wp-json\/wp\/v2\/types\/product"}],"replies":[{"embeddable":true,"href":"https:\/\/www.roccoilluminazione.it\/catalogo\/wp-json\/wp\/v2\/comments?post=2377"}],"wp:featuredmedia":[{"embeddable":true,"href":"https:\/\/www.roccoilluminazione.it\/catalogo\/wp-json\/wp\/v2\/media\/2378"}],"wp:attachment":[{"href":"https:\/\/www.roccoilluminazione.it\/catalogo\/wp-json\/wp\/v2\/media?parent=2377"}],"wp:term":[{"taxonomy":"product_cat","embeddable":true,"href":"https:\/\/www.roccoilluminazione.it\/catalogo\/wp-json\/wp\/v2\/product_cat?post=2377"},{"taxonomy":"product_tag","embeddable":true,"href":"https:\/\/www.roccoilluminazione.it\/catalogo\/wp-json\/wp\/v2\/product_tag?post=2377"}],"curies":[{"name":"wp","href":"https:\/\/api.w.org\/{rel}","templated":true}]}}