{"id":2335,"date":"2026-04-14T13:19:51","date_gmt":"2026-04-14T13:19:51","guid":{"rendered":"https:\/\/www.roccoilluminazione.it\/catalogo\/?post_type=product&#038;p=2335"},"modified":"2026-04-15T16:09:23","modified_gmt":"2026-04-15T16:09:23","slug":"las-palmas-tavolo","status":"publish","type":"product","link":"https:\/\/www.roccoilluminazione.it\/catalogo\/prodotto\/las-palmas-tavolo\/","title":{"rendered":"Las Palmas tavolo"},"content":{"rendered":"<p>Las Palmas lampada da tavolo \u00e8 parte di una collezione disegnata da Jonas Clementoni per Slamp. Suggestiva e bellissima \u00e8 un richiamo alla natura e a paesaggi mozzafiato. \u00c8 nell&#8217;Oceano Atlantico che Clementoni trova l&#8217;ispirazione per questo progetto che prende il nome da un&#8217;isola omonima di questa famiglia di lampade. Realizzata in\u00a0<strong><a href=\"https:\/\/www.slamp.com\/it\/materiali\/\" rel=\"nofollow\" aria-describedby=\"a11y-external-message\">Opalflex\u00ae<\/a><\/strong>,\u00a0<strong>Las Palmas<\/strong> possiede una forma tridimensionale ed un&#8217;emissione calda e accogliente come il sole che incontra la chioma di una palma. Lampada molto scenografia che si adatta a qualunque tipo di ambiente e stile.\u00a0 Design, qualit\u00e0 Made in Italy. ( ditta Slamp )<\/p>\n<ul>\n<li>Misure:\u00a0 18&#215;21 cm x h. 57.5 cm.<\/li>\n<li>Lampadina E14: 1 x 6W LED Filament (lampadina non inclusa).<\/li>\n<\/ul>\n<p>Disponibilit\u00e0 : n.1 pz. finitura bianca ( materiale da esposizione senza imballo originale )<\/p>\n<p>( I prezzi indicati sono iva del 22% inclusa )<\/p>\n<p>&nbsp;<\/p>\n<p>&nbsp;<\/p>\n<p>&nbsp;<\/p>\n","protected":false},"excerpt":{"rendered":"<p>Cod. PALTS00WHT00000000EU \u00a0Las Palmas tavolo bianca\u00a0 \u00a0 1xE14<\/p>\n","protected":false},"featured_media":2336,"comment_status":"open","ping_status":"closed","template":"","meta":[],"product_cat":[18,23],"product_tag":[],"class_list":["post-2335","product","type-product","status-publish","has-post-thumbnail","hentry","product_cat-lampade-da-tavolo","product_cat-outlet-promozioni"],"_links":{"self":[{"href":"https:\/\/www.roccoilluminazione.it\/catalogo\/wp-json\/wp\/v2\/product\/2335","targetHints":{"allow":["GET"]}}],"collection":[{"href":"https:\/\/www.roccoilluminazione.it\/catalogo\/wp-json\/wp\/v2\/product"}],"about":[{"href":"https:\/\/www.roccoilluminazione.it\/catalogo\/wp-json\/wp\/v2\/types\/product"}],"replies":[{"embeddable":true,"href":"https:\/\/www.roccoilluminazione.it\/catalogo\/wp-json\/wp\/v2\/comments?post=2335"}],"wp:featuredmedia":[{"embeddable":true,"href":"https:\/\/www.roccoilluminazione.it\/catalogo\/wp-json\/wp\/v2\/media\/2336"}],"wp:attachment":[{"href":"https:\/\/www.roccoilluminazione.it\/catalogo\/wp-json\/wp\/v2\/media?parent=2335"}],"wp:term":[{"taxonomy":"product_cat","embeddable":true,"href":"https:\/\/www.roccoilluminazione.it\/catalogo\/wp-json\/wp\/v2\/product_cat?post=2335"},{"taxonomy":"product_tag","embeddable":true,"href":"https:\/\/www.roccoilluminazione.it\/catalogo\/wp-json\/wp\/v2\/product_tag?post=2335"}],"curies":[{"name":"wp","href":"https:\/\/api.w.org\/{rel}","templated":true}]}}