{"id":2175,"date":"2025-10-17T15:51:50","date_gmt":"2025-10-17T15:51:50","guid":{"rendered":"https:\/\/www.roccoilluminazione.it\/catalogo\/?post_type=product&#038;p=2175"},"modified":"2025-11-06T10:23:13","modified_gmt":"2025-11-06T10:23:13","slug":"bonnet-applique-led","status":"publish","type":"product","link":"https:\/\/www.roccoilluminazione.it\/catalogo\/prodotto\/bonnet-applique-led\/","title":{"rendered":"Bonnet applique led"},"content":{"rendered":"<p>Bonnet \u00e8 una lampada da parete a led integrato del brand Fontana Arte. La struttura \u00e8 in alluminio verniciato, il diffusore \u00e8 in policarbonato trasparente. Disponibile nella finitura colore bianco opaco. La parte superiore della lampada accoglie e nasconde una\u00a0 sorgente a led da 18w 2700k\u00a0 2050lm. il cui fascio luminoso si direziona prevalentemente verso la parete superiore ed il soffitto. Una lente recupera la luce in eccesso, normalmente persa, indirizzandola verso il basso. La diffusione della luce \u00e8 calda e indiretta. Lampada da parete dalla linea semplice, avvolgente ed elegante, ideale per illuminare la zona corridoio o zone di non grandi dimensioni, donandogli la giusta atmosfera. Design, qualit\u00e0 esclusivamente Made in Italy. ( ditta Fontana Arte )<\/p>\n<p>Misure : lato cm.30,7\u00a0 H. cm.14,3\u00a0 \u00a0Sp. cm.10,2<\/p>\n<p>Disponibilit\u00e0 : n.1 Pz. (materiale da esposizione con imballo originale) + 2 da magazzino<\/p>\n<p>( I prezzi indicati sono iva del 22% inclusa)<\/p>\n","protected":false},"excerpt":{"rendered":"<p>Cod. F443245200BILE\u00a0 Bonnet bianca led 18W 2700K<\/p>\n","protected":false},"featured_media":2193,"comment_status":"open","ping_status":"closed","template":"","meta":[],"product_cat":[23,21],"product_tag":[],"class_list":["post-2175","product","type-product","status-publish","has-post-thumbnail","hentry","product_cat-outlet-promozioni","product_cat-parete"],"_links":{"self":[{"href":"https:\/\/www.roccoilluminazione.it\/catalogo\/wp-json\/wp\/v2\/product\/2175","targetHints":{"allow":["GET"]}}],"collection":[{"href":"https:\/\/www.roccoilluminazione.it\/catalogo\/wp-json\/wp\/v2\/product"}],"about":[{"href":"https:\/\/www.roccoilluminazione.it\/catalogo\/wp-json\/wp\/v2\/types\/product"}],"replies":[{"embeddable":true,"href":"https:\/\/www.roccoilluminazione.it\/catalogo\/wp-json\/wp\/v2\/comments?post=2175"}],"wp:featuredmedia":[{"embeddable":true,"href":"https:\/\/www.roccoilluminazione.it\/catalogo\/wp-json\/wp\/v2\/media\/2193"}],"wp:attachment":[{"href":"https:\/\/www.roccoilluminazione.it\/catalogo\/wp-json\/wp\/v2\/media?parent=2175"}],"wp:term":[{"taxonomy":"product_cat","embeddable":true,"href":"https:\/\/www.roccoilluminazione.it\/catalogo\/wp-json\/wp\/v2\/product_cat?post=2175"},{"taxonomy":"product_tag","embeddable":true,"href":"https:\/\/www.roccoilluminazione.it\/catalogo\/wp-json\/wp\/v2\/product_tag?post=2175"}],"curies":[{"name":"wp","href":"https:\/\/api.w.org\/{rel}","templated":true}]}}