{"id":211,"date":"2022-02-21T17:20:54","date_gmt":"2022-02-21T17:20:54","guid":{"rendered":"https:\/\/www.roccoilluminazione.it\/catalogo\/?post_type=product&#038;p=211"},"modified":"2026-02-11T13:52:00","modified_gmt":"2026-02-11T13:52:00","slug":"trenta-limited-edition-battery-table-lamp-led","status":"publish","type":"product","link":"https:\/\/www.roccoilluminazione.it\/catalogo\/prodotto\/trenta-limited-edition-battery-table-lamp-led\/","title":{"rendered":"Trenta Limited edition battery table lamp led"},"content":{"rendered":"<p>Trenta \u00e8 la lampada, in edizione limitata e numerata, che celebra la lampadina e i primi trenta \u201canni-luce\u201d della ditta Catellani &amp; Smith. \u00c8 un oggetto prezioso, realizzato in edizione limitata e numerata. ( Per edizione limitata e numerata si intende un numero limitato di copie prodotte, in questo caso 500 pezzi, la cui numerazione in ordine progressivo \u00e8 indicata sull\u2019etichetta permanente posta sotto la base della lampada. L\u2019unicit\u00e0 di ogni lampada \u00e8 garantita dal relativo certificato di autenticit\u00e0, firmato in originale da Enzo Catellani). Trenta \u00e8 una lampadina in vetro borosilicato con cover a chiusura magnetica in ferro ottonato (non protetto), virola E27 realizzata in ottone dal pieno, piedistallo in ferro brunito e protetto. Led 1x 1W LED 2700K &#8211; alimentazione batteria Li-iON 3,7V 1180 mA\/h &#8211; alimentatore USB con spina EU input 110\/240V &#8211; output 5V@1,2 A accensione con on\/off. Tenuta accesa tra le mani,\u00a0 stupisce per la sua magia. Trenta, porta la luce dove prima non era possibile, avvitata sul suo piedistallo o semplicemente appoggiata dove altrimenti ci sarebbe solo buio.Design, qualit\u00e0 ed innovazione led, esclusivamente Made in Italty. (ditta Catellani&amp;Smith)<\/p>\n<p>Misure : lampadina \u00d8 7cm. x H. 14cm. &#8211; base 10\u00d710cm. &#8211;\u00a0 H. piedistallo 40cm. &#8211;\u00a0 H. totale 51cm.<\/p>\n<p>( I prezzi indicati sono iva del 22% inclusa)<\/p>\n","protected":false},"excerpt":{"rendered":"<p>Trenta bettey table &#8211; glass bulb &#8211; brass\/coated cover &#8211; 1x1W led on\/off includet<\/p>\n<p><strong>* Richiedi preventivo PREZZO SCONTATO *<\/strong><\/p>\n","protected":false},"featured_media":212,"comment_status":"open","ping_status":"closed","template":"","meta":[],"product_cat":[22,18],"product_tag":[],"class_list":["post-211","product","type-product","status-publish","has-post-thumbnail","hentry","product_cat-lampade-battery-tavolo","product_cat-lampade-da-tavolo"],"_links":{"self":[{"href":"https:\/\/www.roccoilluminazione.it\/catalogo\/wp-json\/wp\/v2\/product\/211","targetHints":{"allow":["GET"]}}],"collection":[{"href":"https:\/\/www.roccoilluminazione.it\/catalogo\/wp-json\/wp\/v2\/product"}],"about":[{"href":"https:\/\/www.roccoilluminazione.it\/catalogo\/wp-json\/wp\/v2\/types\/product"}],"replies":[{"embeddable":true,"href":"https:\/\/www.roccoilluminazione.it\/catalogo\/wp-json\/wp\/v2\/comments?post=211"}],"wp:featuredmedia":[{"embeddable":true,"href":"https:\/\/www.roccoilluminazione.it\/catalogo\/wp-json\/wp\/v2\/media\/212"}],"wp:attachment":[{"href":"https:\/\/www.roccoilluminazione.it\/catalogo\/wp-json\/wp\/v2\/media?parent=211"}],"wp:term":[{"taxonomy":"product_cat","embeddable":true,"href":"https:\/\/www.roccoilluminazione.it\/catalogo\/wp-json\/wp\/v2\/product_cat?post=211"},{"taxonomy":"product_tag","embeddable":true,"href":"https:\/\/www.roccoilluminazione.it\/catalogo\/wp-json\/wp\/v2\/product_tag?post=211"}],"curies":[{"name":"wp","href":"https:\/\/api.w.org\/{rel}","templated":true}]}}