{"id":2073,"date":"2025-10-01T14:26:52","date_gmt":"2025-10-01T14:26:52","guid":{"rendered":"https:\/\/www.roccoilluminazione.it\/catalogo\/?post_type=product&#038;p=2073"},"modified":"2026-02-11T15:54:11","modified_gmt":"2026-02-11T15:54:11","slug":"etvoila-tavolo-grande-nera","status":"publish","type":"product","link":"https:\/\/www.roccoilluminazione.it\/catalogo\/prodotto\/etvoila-tavolo-grande-nera\/","title":{"rendered":"Etvoil\u00e0 tavolo grande nera"},"content":{"rendered":"<p>Etvoil\u00e0 \u00e8 una lampada da tavolo dal design che unisce l&#8217;alta classe del vetro soffiato di Murano con la qualit\u00e0 del tessuto. La lampada da tavolo \u00e8 composta da una base in vetro borosilicato rigato colore nero, mentre il paralume \u00e8 in tessuto plissettato nero. Particolari della montatura in metallo cromo. Diffusione luce tramite portalampade attacco 1xE27 lampadina led (esclusa) cavo con accensione on\/off e spina trasparente. Eleganza, armonia sono le caratteristiche principali della lampada Etvoil\u00e0, ideale come luce d&#8217;accento nella zona salotto o come lampada da comodino zona camera. Design, qualit\u00e0 Made in Italy. (ditta Italamp)<\/p>\n<p>Dimensioni :\u00a0 diametro 28cm.\u00a0\u00a0 H. 53cm.<\/p>\n<p>Disponibilit\u00e0 : n.1 pz. ( materiale da esposizione senza imballo originale )<\/p>\n<p>( I prezzi indicati sono iva del 22% inclusa)<\/p>\n","protected":false},"excerpt":{"rendered":"<p>Art. 8006\/LG Lampada tavolo vetro nero att. 1xE27<\/p>\n","protected":false},"featured_media":2074,"comment_status":"open","ping_status":"closed","template":"","meta":[],"product_cat":[18,23],"product_tag":[],"class_list":["post-2073","product","type-product","status-publish","has-post-thumbnail","hentry","product_cat-lampade-da-tavolo","product_cat-outlet-promozioni"],"_links":{"self":[{"href":"https:\/\/www.roccoilluminazione.it\/catalogo\/wp-json\/wp\/v2\/product\/2073","targetHints":{"allow":["GET"]}}],"collection":[{"href":"https:\/\/www.roccoilluminazione.it\/catalogo\/wp-json\/wp\/v2\/product"}],"about":[{"href":"https:\/\/www.roccoilluminazione.it\/catalogo\/wp-json\/wp\/v2\/types\/product"}],"replies":[{"embeddable":true,"href":"https:\/\/www.roccoilluminazione.it\/catalogo\/wp-json\/wp\/v2\/comments?post=2073"}],"wp:featuredmedia":[{"embeddable":true,"href":"https:\/\/www.roccoilluminazione.it\/catalogo\/wp-json\/wp\/v2\/media\/2074"}],"wp:attachment":[{"href":"https:\/\/www.roccoilluminazione.it\/catalogo\/wp-json\/wp\/v2\/media?parent=2073"}],"wp:term":[{"taxonomy":"product_cat","embeddable":true,"href":"https:\/\/www.roccoilluminazione.it\/catalogo\/wp-json\/wp\/v2\/product_cat?post=2073"},{"taxonomy":"product_tag","embeddable":true,"href":"https:\/\/www.roccoilluminazione.it\/catalogo\/wp-json\/wp\/v2\/product_tag?post=2073"}],"curies":[{"name":"wp","href":"https:\/\/api.w.org\/{rel}","templated":true}]}}