{"id":1914,"date":"2025-07-18T14:05:52","date_gmt":"2025-07-18T14:05:52","guid":{"rendered":"https:\/\/www.roccoilluminazione.it\/catalogo\/?post_type=product&#038;p=1914"},"modified":"2025-07-21T15:21:28","modified_gmt":"2025-07-21T15:21:28","slug":"bard-led-antracite-wall-ceiling","status":"publish","type":"product","link":"https:\/\/www.roccoilluminazione.it\/catalogo\/prodotto\/bard-led-antracite-wall-ceiling\/","title":{"rendered":"Bard Led antracite wall\/ceiling"},"content":{"rendered":"<p>Bard Led \u00e8 una lampada che si pu\u00f2 installare sia a parete che a soffitto. Dalla forma geometrica con doppio quadrato luminoso \u00e8 realizzata in metallo nella finitura colore grigio antracite e diffusore in metacrilato. Diffusione luce diffusa tramite led integrato da 52W 3000K dimmerabile a taglio di fase. Bard \u00e8 una lampada dalle linee semplici e dal design moderno, ideale per essere installata in qualsiasi ambientazione di casa o di lavoro, sia a soffitto che a parete, si accosta perfettamente con un aredamento moderno o contemporaneo. Design, qualit\u00e0 esclusivamente Made in Italy. ( ditta Fabas )<\/p>\n<p>Misure lampada :\u00a0 L. 65x65cm.\u00a0 H.11cm.<\/p>\n<p>Disponibilit\u00e0 : n.1 Pz. ( materiale da esposizione con imballo originale )<\/p>\n<p>( I prezzi indicati sono iva del 22% inclusa)<\/p>\n","protected":false},"excerpt":{"rendered":"<p>Cod. 3394-65-282 Bard antracite led 52W 3000K dimmerabile<\/p>\n","protected":false},"featured_media":1954,"comment_status":"open","ping_status":"closed","template":"","meta":[],"product_cat":[23,21,20],"product_tag":[],"class_list":["post-1914","product","type-product","status-publish","has-post-thumbnail","hentry","product_cat-outlet-promozioni","product_cat-parete","product_cat-plafoniere-da-soffitto"],"_links":{"self":[{"href":"https:\/\/www.roccoilluminazione.it\/catalogo\/wp-json\/wp\/v2\/product\/1914","targetHints":{"allow":["GET"]}}],"collection":[{"href":"https:\/\/www.roccoilluminazione.it\/catalogo\/wp-json\/wp\/v2\/product"}],"about":[{"href":"https:\/\/www.roccoilluminazione.it\/catalogo\/wp-json\/wp\/v2\/types\/product"}],"replies":[{"embeddable":true,"href":"https:\/\/www.roccoilluminazione.it\/catalogo\/wp-json\/wp\/v2\/comments?post=1914"}],"wp:featuredmedia":[{"embeddable":true,"href":"https:\/\/www.roccoilluminazione.it\/catalogo\/wp-json\/wp\/v2\/media\/1954"}],"wp:attachment":[{"href":"https:\/\/www.roccoilluminazione.it\/catalogo\/wp-json\/wp\/v2\/media?parent=1914"}],"wp:term":[{"taxonomy":"product_cat","embeddable":true,"href":"https:\/\/www.roccoilluminazione.it\/catalogo\/wp-json\/wp\/v2\/product_cat?post=1914"},{"taxonomy":"product_tag","embeddable":true,"href":"https:\/\/www.roccoilluminazione.it\/catalogo\/wp-json\/wp\/v2\/product_tag?post=1914"}],"curies":[{"name":"wp","href":"https:\/\/api.w.org\/{rel}","templated":true}]}}