{"id":1906,"date":"2025-07-17T16:01:22","date_gmt":"2025-07-17T16:01:22","guid":{"rendered":"https:\/\/www.roccoilluminazione.it\/catalogo\/?post_type=product&#038;p=1906"},"modified":"2026-03-24T14:48:17","modified_gmt":"2026-03-24T14:48:17","slug":"diphy-l54-led-sospensione","status":"publish","type":"product","link":"https:\/\/www.roccoilluminazione.it\/catalogo\/prodotto\/diphy-l54-led-sospensione\/","title":{"rendered":"Diphy L54 Led sospensione"},"content":{"rendered":"<p>Sospensione Diphy Led, dalla forma a foglia sospesa con sorgente top LED da 20W 3000K, predisposto per la dimmerazione a taglio di fase (dimmer da ordinare a parte). Diffusore in PMMA\u00a0 ricoperto da una trama di microincisioni al laser che distribuiscono la luce nel piano sottostante e verso l&#8217;alto . Due cavi fungono sia da sostegno che da conduttori di alimentazione, ricollegandosi ad un rosone bianco di forma ovale. Questa lampada \u00e8 stata premiata con il Red Dot Design Award 2017 ed \u00e8 stata inserita anche nel prestigioso ADI Design Index 2017. La sua particolarit\u00e0 st\u00e0 nel diffusore luce, spento \u00e8 tutto trasparente, acceso si illumina su tutta la sua superficie dando un effetto ottico molto particolare. Ideale per arredare ed illuminare ambientazioni in stile contemporaneo. Design, qualit\u00e0 esclusivamente Made in Italy. ( ditta Stilnovo )<\/p>\n<p>Misure sospensione : lato cm.536&#215;370\u00a0 H. max con cavi cm.2200<\/p>\n<p>Disponibilit\u00e0 : n.1 Pz. ( materiale da esposizione con imballo originale )<\/p>\n<p>( I prezzi indicati sono iva del 22% inclusa)<\/p>\n","protected":false},"excerpt":{"rendered":"<p>Cod. 8172 Diphy sospensione led\u00a0 20W 3000K<\/p>\n","protected":false},"featured_media":1950,"comment_status":"open","ping_status":"closed","template":"","meta":[],"product_cat":[23,19],"product_tag":[],"class_list":["post-1906","product","type-product","status-publish","has-post-thumbnail","hentry","product_cat-outlet-promozioni","product_cat-sospensioni"],"_links":{"self":[{"href":"https:\/\/www.roccoilluminazione.it\/catalogo\/wp-json\/wp\/v2\/product\/1906","targetHints":{"allow":["GET"]}}],"collection":[{"href":"https:\/\/www.roccoilluminazione.it\/catalogo\/wp-json\/wp\/v2\/product"}],"about":[{"href":"https:\/\/www.roccoilluminazione.it\/catalogo\/wp-json\/wp\/v2\/types\/product"}],"replies":[{"embeddable":true,"href":"https:\/\/www.roccoilluminazione.it\/catalogo\/wp-json\/wp\/v2\/comments?post=1906"}],"wp:featuredmedia":[{"embeddable":true,"href":"https:\/\/www.roccoilluminazione.it\/catalogo\/wp-json\/wp\/v2\/media\/1950"}],"wp:attachment":[{"href":"https:\/\/www.roccoilluminazione.it\/catalogo\/wp-json\/wp\/v2\/media?parent=1906"}],"wp:term":[{"taxonomy":"product_cat","embeddable":true,"href":"https:\/\/www.roccoilluminazione.it\/catalogo\/wp-json\/wp\/v2\/product_cat?post=1906"},{"taxonomy":"product_tag","embeddable":true,"href":"https:\/\/www.roccoilluminazione.it\/catalogo\/wp-json\/wp\/v2\/product_tag?post=1906"}],"curies":[{"name":"wp","href":"https:\/\/api.w.org\/{rel}","templated":true}]}}