{"id":1765,"date":"2025-05-16T15:35:23","date_gmt":"2025-05-16T15:35:23","guid":{"rendered":"https:\/\/www.roccoilluminazione.it\/catalogo\/?post_type=product&#038;p=1765"},"modified":"2026-02-11T13:46:20","modified_gmt":"2026-02-11T13:46:20","slug":"giuup-apb40-2-led-parete-tortora","status":"publish","type":"product","link":"https:\/\/www.roccoilluminazione.it\/catalogo\/prodotto\/giuup-apb40-2-led-parete-tortora\/","title":{"rendered":"Gi\u00f9Up APB40.2 Led parete tortora"},"content":{"rendered":"<p>Lampada da parete GiuUp 40.2 a led integrato, realizzata in alluminio tornito. Diffusore lampada orientabile a luce indiretta e confortevole. Disponibile nella finitura tortora con cavetti bianchi. Led integrato ad alta resa ed efficienza luminosa 2x20W 3000K 3800lm. 220V che non necessita di alimentatore. La base\/attacco per l&#8217;alimentazione della lampada, viene posizionata dove escono i fili di corrente, i due diffusori luce possono essere installati in ogni posizione che si desidera. Collezione dal design retr\u00f2, rivisitata in stile pi\u00f9 contemporaneo, ideale per ambientazioni di cui si necessita un&#8217;illuminazione pi\u00f9 importante. Design, qualit\u00e0 esclusivamente Made in Italy. ( ditta Icone )<\/p>\n<p>Disponibilit\u00e0 : n.1 Pz. ( materiale da esposizione con imballo originale )<\/p>\n<p>( I prezzi indicati sono iva del 22% inclusa)<\/p>\n","protected":false},"excerpt":{"rendered":"<p>Cod. Gi\u00f9Up APB 40.2 TO parete Led 2x20W 3000K<\/p>\n","protected":false},"featured_media":1766,"comment_status":"open","ping_status":"closed","template":"","meta":[],"product_cat":[23,21],"product_tag":[],"class_list":["post-1765","product","type-product","status-publish","has-post-thumbnail","hentry","product_cat-outlet-promozioni","product_cat-parete"],"_links":{"self":[{"href":"https:\/\/www.roccoilluminazione.it\/catalogo\/wp-json\/wp\/v2\/product\/1765","targetHints":{"allow":["GET"]}}],"collection":[{"href":"https:\/\/www.roccoilluminazione.it\/catalogo\/wp-json\/wp\/v2\/product"}],"about":[{"href":"https:\/\/www.roccoilluminazione.it\/catalogo\/wp-json\/wp\/v2\/types\/product"}],"replies":[{"embeddable":true,"href":"https:\/\/www.roccoilluminazione.it\/catalogo\/wp-json\/wp\/v2\/comments?post=1765"}],"wp:featuredmedia":[{"embeddable":true,"href":"https:\/\/www.roccoilluminazione.it\/catalogo\/wp-json\/wp\/v2\/media\/1766"}],"wp:attachment":[{"href":"https:\/\/www.roccoilluminazione.it\/catalogo\/wp-json\/wp\/v2\/media?parent=1765"}],"wp:term":[{"taxonomy":"product_cat","embeddable":true,"href":"https:\/\/www.roccoilluminazione.it\/catalogo\/wp-json\/wp\/v2\/product_cat?post=1765"},{"taxonomy":"product_tag","embeddable":true,"href":"https:\/\/www.roccoilluminazione.it\/catalogo\/wp-json\/wp\/v2\/product_tag?post=1765"}],"curies":[{"name":"wp","href":"https:\/\/api.w.org\/{rel}","templated":true}]}}