{"id":1760,"date":"2025-05-16T15:12:11","date_gmt":"2025-05-16T15:12:11","guid":{"rendered":"https:\/\/www.roccoilluminazione.it\/catalogo\/?post_type=product&#038;p=1760"},"modified":"2026-03-03T14:18:30","modified_gmt":"2026-03-03T14:18:30","slug":"crash-ta-75-parete-led","status":"publish","type":"product","link":"https:\/\/www.roccoilluminazione.it\/catalogo\/prodotto\/crash-ta-75-parete-led\/","title":{"rendered":"Crash TA 75 parete led"},"content":{"rendered":"<p>Lampada da parete\u00a0 con corpo realizzato in acciaio battuta a mano nella finitura foglia argento. Un foglio lavorato appeso alla parete, la base per l&#8217;alimentazione della lampada \u00e8 installata separatamente, un cavo f\u00e0 scendere al centro del foglio un piccolo cerchio dove \u00e8 inserito il circuito a led da 10W -3000K.\u00a0 La lampada ha incluso un alimentatore dimmerabile a taglio di fase. Non \u00e8 una semplice lampada da parete, ma una scultura di luce, ideale per arredare una parete importante di casa, si accosta perfettamente con un arredamento contemporaneo. Design, qualit\u00e0 esclusivamente Made in Italy. ( ditta Knikerboker )<\/p>\n<p>Misure lampada : lato 75x75cm.<\/p>\n<p>Disponibilit\u00e0 : n.1 Pz. ( materiale da esposizione senza imballo originale )<\/p>\n<p>( I prezzi indicati sono iva del 22% inclusa)<\/p>\n","protected":false},"excerpt":{"rendered":"<p>Cod. Crash TA parete 75&#215;75\u00a0 foglia argento led 10W 3000K dimmerabile<\/p>\n","protected":false},"featured_media":1761,"comment_status":"open","ping_status":"closed","template":"","meta":[],"product_cat":[23,21],"product_tag":[],"class_list":["post-1760","product","type-product","status-publish","has-post-thumbnail","hentry","product_cat-outlet-promozioni","product_cat-parete"],"_links":{"self":[{"href":"https:\/\/www.roccoilluminazione.it\/catalogo\/wp-json\/wp\/v2\/product\/1760","targetHints":{"allow":["GET"]}}],"collection":[{"href":"https:\/\/www.roccoilluminazione.it\/catalogo\/wp-json\/wp\/v2\/product"}],"about":[{"href":"https:\/\/www.roccoilluminazione.it\/catalogo\/wp-json\/wp\/v2\/types\/product"}],"replies":[{"embeddable":true,"href":"https:\/\/www.roccoilluminazione.it\/catalogo\/wp-json\/wp\/v2\/comments?post=1760"}],"wp:featuredmedia":[{"embeddable":true,"href":"https:\/\/www.roccoilluminazione.it\/catalogo\/wp-json\/wp\/v2\/media\/1761"}],"wp:attachment":[{"href":"https:\/\/www.roccoilluminazione.it\/catalogo\/wp-json\/wp\/v2\/media?parent=1760"}],"wp:term":[{"taxonomy":"product_cat","embeddable":true,"href":"https:\/\/www.roccoilluminazione.it\/catalogo\/wp-json\/wp\/v2\/product_cat?post=1760"},{"taxonomy":"product_tag","embeddable":true,"href":"https:\/\/www.roccoilluminazione.it\/catalogo\/wp-json\/wp\/v2\/product_tag?post=1760"}],"curies":[{"name":"wp","href":"https:\/\/api.w.org\/{rel}","templated":true}]}}