{"id":1210,"date":"2024-05-08T14:31:46","date_gmt":"2024-05-08T14:31:46","guid":{"rendered":"https:\/\/www.roccoilluminazione.it\/catalogo\/?post_type=product&#038;p=1210"},"modified":"2024-05-09T16:31:45","modified_gmt":"2024-05-09T16:31:45","slug":"obelisco-librerie-tavolo-fornasetti","status":"publish","type":"product","link":"https:\/\/www.roccoilluminazione.it\/catalogo\/prodotto\/obelisco-librerie-tavolo-fornasetti\/","title":{"rendered":"Obelisco Librerie tavolo Fornasetti"},"content":{"rendered":"<p>Lampada da tavolo realizzata dal designer Piero Fornasetti per il brand Antonangeli. Lampada con base in ferro dorato, fusto in legno a forma di obelisco e paralume con disegni librerie in polipropilene. Sorgente luminosa tramite attacco lampadina 1xE14 led (lampadina non inclusa). Originalit\u00e0 senza tempo della creativit\u00e0 del designer Fornasetti. Design, qualit\u00e0 Made in Italy. ( Fornasetti \u2013 Antonangeli )<\/p>\n<p>Misure :\u00a0 diametro 18cm.\u00a0\u00a0\u00a0 H. 41cm.<\/p>\n<div class=\" product-block product-block--description \">\n<div class=\"product-description rte\" data-product-description=\"\">\n<p>Disponibilit\u00e0 : n.1 pz. ( materiale da esposizione senza imballo originale )<\/p>\n<\/div>\n<\/div>\n<p>( I prezzi indicati sono iva del 22% inclusa )<\/p>\n","protected":false},"excerpt":{"rendered":"<p>Cod. F23 Obelisco Librerie tavolo H.41cm att. E14<\/p>\n","protected":false},"featured_media":1266,"comment_status":"open","ping_status":"closed","template":"","meta":[],"product_cat":[18],"product_tag":[],"class_list":["post-1210","product","type-product","status-publish","has-post-thumbnail","hentry","product_cat-lampade-da-tavolo"],"_links":{"self":[{"href":"https:\/\/www.roccoilluminazione.it\/catalogo\/wp-json\/wp\/v2\/product\/1210","targetHints":{"allow":["GET"]}}],"collection":[{"href":"https:\/\/www.roccoilluminazione.it\/catalogo\/wp-json\/wp\/v2\/product"}],"about":[{"href":"https:\/\/www.roccoilluminazione.it\/catalogo\/wp-json\/wp\/v2\/types\/product"}],"replies":[{"embeddable":true,"href":"https:\/\/www.roccoilluminazione.it\/catalogo\/wp-json\/wp\/v2\/comments?post=1210"}],"wp:featuredmedia":[{"embeddable":true,"href":"https:\/\/www.roccoilluminazione.it\/catalogo\/wp-json\/wp\/v2\/media\/1266"}],"wp:attachment":[{"href":"https:\/\/www.roccoilluminazione.it\/catalogo\/wp-json\/wp\/v2\/media?parent=1210"}],"wp:term":[{"taxonomy":"product_cat","embeddable":true,"href":"https:\/\/www.roccoilluminazione.it\/catalogo\/wp-json\/wp\/v2\/product_cat?post=1210"},{"taxonomy":"product_tag","embeddable":true,"href":"https:\/\/www.roccoilluminazione.it\/catalogo\/wp-json\/wp\/v2\/product_tag?post=1210"}],"curies":[{"name":"wp","href":"https:\/\/api.w.org\/{rel}","templated":true}]}}