{"id":1113,"date":"2024-03-06T16:46:26","date_gmt":"2024-03-06T16:46:26","guid":{"rendered":"https:\/\/www.roccoilluminazione.it\/catalogo\/?post_type=product&#038;p=1113"},"modified":"2024-03-06T16:47:59","modified_gmt":"2024-03-06T16:47:59","slug":"aura-60-rs-sospensione-vetro-rosso","status":"publish","type":"product","link":"https:\/\/www.roccoilluminazione.it\/catalogo\/prodotto\/aura-60-rs-sospensione-vetro-rosso\/","title":{"rendered":"Aura 60 RS sospensione vetro rosso"},"content":{"rendered":"<p>Aura, firmata da Manuel Vivian per Axo Light \u00e8 una meravigliosa lampada da sospensione, composta da pendenti in vetro di murano incamiciati e ritorti a mano, nella finitura colore rosso con bande laterali in cristallo trasparente. Struttura in metallo cromato e sorgente luminosa con attacco 1xE27 lampadina led. (lampadina esclusa) Sospensione di grande effetto scenico, preziosa per i pendenti in vetro soffiato, accesa d\u00e0 il meglio di s\u00e8 rendendo questa sospensione unica nel suo genere. Design, qualit\u00e0 esclusivamente Made in Italy. ( Axo Light )<\/p>\n<p>Misure :\u00a0 sospensione diametro 60cm. &#8211; base rosone diametro 65cm. &#8211;\u00a0 H. totale max 160cm.<\/p>\n<p>Disponibilit\u00e0 : n.1 pz. ( materiale da esposizione con imballo originale )<\/p>\n<p>( I prezzi indicati sono iva del 22% inclusa)<\/p>\n","protected":false},"excerpt":{"rendered":"<p>Cod. Aura 60 RS sospensione vetro rosso att. 1xE27<\/p>\n","protected":false},"featured_media":1115,"comment_status":"open","ping_status":"closed","template":"","meta":[],"product_cat":[23,19],"product_tag":[],"class_list":["post-1113","product","type-product","status-publish","has-post-thumbnail","hentry","product_cat-outlet-promozioni","product_cat-sospensioni"],"_links":{"self":[{"href":"https:\/\/www.roccoilluminazione.it\/catalogo\/wp-json\/wp\/v2\/product\/1113","targetHints":{"allow":["GET"]}}],"collection":[{"href":"https:\/\/www.roccoilluminazione.it\/catalogo\/wp-json\/wp\/v2\/product"}],"about":[{"href":"https:\/\/www.roccoilluminazione.it\/catalogo\/wp-json\/wp\/v2\/types\/product"}],"replies":[{"embeddable":true,"href":"https:\/\/www.roccoilluminazione.it\/catalogo\/wp-json\/wp\/v2\/comments?post=1113"}],"wp:featuredmedia":[{"embeddable":true,"href":"https:\/\/www.roccoilluminazione.it\/catalogo\/wp-json\/wp\/v2\/media\/1115"}],"wp:attachment":[{"href":"https:\/\/www.roccoilluminazione.it\/catalogo\/wp-json\/wp\/v2\/media?parent=1113"}],"wp:term":[{"taxonomy":"product_cat","embeddable":true,"href":"https:\/\/www.roccoilluminazione.it\/catalogo\/wp-json\/wp\/v2\/product_cat?post=1113"},{"taxonomy":"product_tag","embeddable":true,"href":"https:\/\/www.roccoilluminazione.it\/catalogo\/wp-json\/wp\/v2\/product_tag?post=1113"}],"curies":[{"name":"wp","href":"https:\/\/api.w.org\/{rel}","templated":true}]}}