{"id":1091,"date":"2024-03-06T15:25:19","date_gmt":"2024-03-06T15:25:19","guid":{"rendered":"https:\/\/www.roccoilluminazione.it\/catalogo\/?post_type=product&#038;p=1091"},"modified":"2026-01-29T15:01:02","modified_gmt":"2026-01-29T15:01:02","slug":"birdie-piccola-tavolo-led-touch-dimmer","status":"publish","type":"product","link":"https:\/\/www.roccoilluminazione.it\/catalogo\/prodotto\/birdie-piccola-tavolo-led-touch-dimmer\/","title":{"rendered":"Birdie piccola tavolo Led touch-dimmer"},"content":{"rendered":"<p>Birdie piccola tavolo \u00e8 una lampada realizzata con base e stelo in metallo, entrambi verniciati in abbinamento con il diffusore in policarbonato, formato da due corpi, uno interno bianco opalino e quello esterno in tinta con la struttura in finitura grafite. Sorgente luminosa a Led integrato da 8,4W 2700K &#8211; 655lm. touch dimmer integrato . Il sistema di accensione touch dimmer \u00e8 disegnato come un ramo pronto ad accogliere un uccellino, a cui si ispira il nome. Dal design accattivante e molto esclusivo \u00e8 utilizzabile negli ambienti pi\u00f9 disparati come camere da letto, soggiorni e salotti. Reinterpretazione in chiave pi\u00f9 moderna, della classica lampada con paralume, Birdie tavolo diffonde una luce diretta verso il basso e soffusa nell\u2019ambiente.\u00a0 Una lampada dal design moderno per un arredamento contemporaneo. Design,qualit\u00e0 Made in Italy. ( ditta Foscarini )<\/p>\n<p>Misure : diametro 17cm.\u00a0 H. 49cm.<\/p>\n<p>Disponibilit\u00e0 : n.1 pz. ( materiale da esposizione con imballo originale )<\/p>\n<p>( I prezzi indicati sono iva del 22% inclusa)<\/p>\n","protected":false},"excerpt":{"rendered":"<p>Cod. FN2210012L_22\u00a0 Birdie piccola tavolo grafite Led 8,4W 2700K dimmerabile<\/p>\n","protected":false},"featured_media":1092,"comment_status":"open","ping_status":"closed","template":"","meta":[],"product_cat":[18,23],"product_tag":[],"class_list":["post-1091","product","type-product","status-publish","has-post-thumbnail","hentry","product_cat-lampade-da-tavolo","product_cat-outlet-promozioni"],"_links":{"self":[{"href":"https:\/\/www.roccoilluminazione.it\/catalogo\/wp-json\/wp\/v2\/product\/1091","targetHints":{"allow":["GET"]}}],"collection":[{"href":"https:\/\/www.roccoilluminazione.it\/catalogo\/wp-json\/wp\/v2\/product"}],"about":[{"href":"https:\/\/www.roccoilluminazione.it\/catalogo\/wp-json\/wp\/v2\/types\/product"}],"replies":[{"embeddable":true,"href":"https:\/\/www.roccoilluminazione.it\/catalogo\/wp-json\/wp\/v2\/comments?post=1091"}],"wp:featuredmedia":[{"embeddable":true,"href":"https:\/\/www.roccoilluminazione.it\/catalogo\/wp-json\/wp\/v2\/media\/1092"}],"wp:attachment":[{"href":"https:\/\/www.roccoilluminazione.it\/catalogo\/wp-json\/wp\/v2\/media?parent=1091"}],"wp:term":[{"taxonomy":"product_cat","embeddable":true,"href":"https:\/\/www.roccoilluminazione.it\/catalogo\/wp-json\/wp\/v2\/product_cat?post=1091"},{"taxonomy":"product_tag","embeddable":true,"href":"https:\/\/www.roccoilluminazione.it\/catalogo\/wp-json\/wp\/v2\/product_tag?post=1091"}],"curies":[{"name":"wp","href":"https:\/\/api.w.org\/{rel}","templated":true}]}}