{"id":1068,"date":"2024-02-27T11:18:50","date_gmt":"2024-02-27T11:18:50","guid":{"rendered":"https:\/\/www.roccoilluminazione.it\/catalogo\/?post_type=product&#038;p=1068"},"modified":"2026-04-07T15:06:45","modified_gmt":"2026-04-07T15:06:45","slug":"battery-trasparente-lamp-kartell","status":"publish","type":"product","link":"https:\/\/www.roccoilluminazione.it\/catalogo\/prodotto\/battery-trasparente-lamp-kartell\/","title":{"rendered":"Battery trasparente table led Kartell"},"content":{"rendered":"<p>Battery \u00e8 una lampada da tavolo a LED ricaricabile. Materiale in PMMA trasparente, fusto trasparente e base traparente\/bianca, diffusore sfaccettato che regala magnifici giochi di luce. Questa lampada pu\u00f2 essere utilizzata con o senza filo, infatti si ricarica tramite corrente (il caricatore \u00e8 incluso), la sua autonomia \u00e8 di 6 ore. Diffusione luce a led integrato da 0,8W 2700K 220V\/240V, non dimmerabile, touch on\/off. Pu\u00f2 essere utilizzata sia all\u2019 interno che per l\u2019esterno (grado di protezzione IP56). Leggera e pratica, con la sua luce calda e piacevole la possiamo utilizzare secondo i nostri desideri, per illuminare il tavolo sul terrazzo esterno, come abat jour per la zona camera o semplicemente come idea regalo. Design, qualit\u00e0 Made in Italy. ( ditta Kartell )<\/p>\n<p>Misure : altezza cm.26 diametro cm.11,4.<\/p>\n<p>Disponibilit\u00e0 : n.1 pz. stelo e diffusore trasparente ( materiale da magazzino con imballo originale )<\/p>\n<p>( I prezzi indicati sono iva del 22% inclusa )<\/p>\n<p>&nbsp;<\/p>\n<p>&nbsp;<\/p>\n<p>&nbsp;<\/p>\n","protected":false},"excerpt":{"rendered":"<p>Cod. 9140B4\u00a0 Battery trasparente led 2700K &#8211; NO dimmerabile<\/p>\n","protected":false},"featured_media":1069,"comment_status":"open","ping_status":"closed","template":"","meta":[],"product_cat":[22,23],"product_tag":[],"class_list":["post-1068","product","type-product","status-publish","has-post-thumbnail","hentry","product_cat-lampade-battery-tavolo","product_cat-outlet-promozioni"],"_links":{"self":[{"href":"https:\/\/www.roccoilluminazione.it\/catalogo\/wp-json\/wp\/v2\/product\/1068","targetHints":{"allow":["GET"]}}],"collection":[{"href":"https:\/\/www.roccoilluminazione.it\/catalogo\/wp-json\/wp\/v2\/product"}],"about":[{"href":"https:\/\/www.roccoilluminazione.it\/catalogo\/wp-json\/wp\/v2\/types\/product"}],"replies":[{"embeddable":true,"href":"https:\/\/www.roccoilluminazione.it\/catalogo\/wp-json\/wp\/v2\/comments?post=1068"}],"wp:featuredmedia":[{"embeddable":true,"href":"https:\/\/www.roccoilluminazione.it\/catalogo\/wp-json\/wp\/v2\/media\/1069"}],"wp:attachment":[{"href":"https:\/\/www.roccoilluminazione.it\/catalogo\/wp-json\/wp\/v2\/media?parent=1068"}],"wp:term":[{"taxonomy":"product_cat","embeddable":true,"href":"https:\/\/www.roccoilluminazione.it\/catalogo\/wp-json\/wp\/v2\/product_cat?post=1068"},{"taxonomy":"product_tag","embeddable":true,"href":"https:\/\/www.roccoilluminazione.it\/catalogo\/wp-json\/wp\/v2\/product_tag?post=1068"}],"curies":[{"name":"wp","href":"https:\/\/api.w.org\/{rel}","templated":true}]}}